{"id":9014,"date":"2020-06-04T21:26:54","date_gmt":"2020-06-04T21:26:54","guid":{"rendered":"http:\/\/localhost\/queijosaovicente\/?page_id=9014"},"modified":"2022-08-19T01:12:28","modified_gmt":"2022-08-19T01:12:28","slug":"trabalhe-conosco","status":"publish","type":"page","link":"https:\/\/queijosaovicente.com.br\/site-040825\/trabalhe-conosco\/","title":{"rendered":"Trabalhe conosco"},"content":{"rendered":"\t\t<div data-elementor-type=\"wp-page\" data-elementor-id=\"9014\" class=\"elementor elementor-9014\" data-elementor-post-type=\"page\">\n\t\t\t\t\t\t<section class=\"elementor-section elementor-top-section elementor-element elementor-element-bd8f7fb elementor-section-stretched elementor-section-full_width elementor-section-height-default elementor-section-height-default\" data-id=\"bd8f7fb\" data-element_type=\"section\" data-e-type=\"section\" data-settings=\"{&quot;stretch_section&quot;:&quot;section-stretched&quot;,&quot;background_background&quot;:&quot;classic&quot;}\">\n\t\t\t\t\t\t<div class=\"elementor-container elementor-column-gap-default\">\n\t\t\t\t\t<div class=\"elementor-column elementor-col-100 elementor-top-column elementor-element elementor-element-b5c50fc\" data-id=\"b5c50fc\" data-element_type=\"column\" data-e-type=\"column\">\n\t\t\t<div class=\"elementor-widget-wrap elementor-element-populated\">\n\t\t\t\t\t\t<div class=\"elementor-element elementor-element-93fb173 elementor-widget elementor-widget-spacer\" data-id=\"93fb173\" data-element_type=\"widget\" data-e-type=\"widget\" data-widget_type=\"spacer.default\">\n\t\t\t\t<div class=\"elementor-widget-container\">\n\t\t\t\t\t\t\t<div class=\"elementor-spacer\">\n\t\t\t<div class=\"elementor-spacer-inner\"><\/div>\n\t\t<\/div>\n\t\t\t\t\t\t<\/div>\n\t\t\t\t<\/div>\n\t\t\t\t\t<\/div>\n\t\t<\/div>\n\t\t\t\t\t<\/div>\n\t\t<\/section>\n\t\t\t\t<section class=\"elementor-section elementor-top-section elementor-element elementor-element-ff6dc45 elementor-section-boxed elementor-section-height-default elementor-section-height-default\" data-id=\"ff6dc45\" data-element_type=\"section\" data-e-type=\"section\">\n\t\t\t\t\t\t<div class=\"elementor-container elementor-column-gap-default\">\n\t\t\t\t\t<div class=\"elementor-column elementor-col-100 elementor-top-column elementor-element elementor-element-72e6bdf\" data-id=\"72e6bdf\" data-element_type=\"column\" data-e-type=\"column\">\n\t\t\t<div class=\"elementor-widget-wrap elementor-element-populated\">\n\t\t\t\t\t\t<section class=\"elementor-section elementor-inner-section elementor-element elementor-element-d617fb9 elementor-section-boxed elementor-section-height-default elementor-section-height-default\" data-id=\"d617fb9\" data-element_type=\"section\" data-e-type=\"section\">\n\t\t\t\t\t\t<div class=\"elementor-container elementor-column-gap-default\">\n\t\t\t\t\t<div class=\"elementor-column elementor-col-33 elementor-inner-column elementor-element elementor-element-6938706\" data-id=\"6938706\" data-element_type=\"column\" data-e-type=\"column\">\n\t\t\t<div class=\"elementor-widget-wrap\">\n\t\t\t\t\t\t\t<\/div>\n\t\t<\/div>\n\t\t\t\t<div class=\"elementor-column elementor-col-33 elementor-inner-column elementor-element elementor-element-944a9a7\" data-id=\"944a9a7\" data-element_type=\"column\" data-e-type=\"column\" data-settings=\"{&quot;background_background&quot;:&quot;classic&quot;}\">\n\t\t\t<div class=\"elementor-widget-wrap elementor-element-populated\">\n\t\t\t\t\t\t<div class=\"elementor-element elementor-element-24ec1c2 elementor-widget elementor-widget-text-editor\" data-id=\"24ec1c2\" data-element_type=\"widget\" data-e-type=\"widget\" data-widget_type=\"text-editor.default\">\n\t\t\t\t<div class=\"elementor-widget-container\">\n\t\t\t\t\t\t\t\t\t<p style=\"text-align: center;\"><span style=\"font-size: 24pt;\">trabalhe conosco<\/span><\/p>\t\t\t\t\t\t\t\t<\/div>\n\t\t\t\t<\/div>\n\t\t\t\t\t<\/div>\n\t\t<\/div>\n\t\t\t\t<div class=\"elementor-column elementor-col-33 elementor-inner-column elementor-element elementor-element-73ec6d9\" data-id=\"73ec6d9\" data-element_type=\"column\" data-e-type=\"column\">\n\t\t\t<div class=\"elementor-widget-wrap\">\n\t\t\t\t\t\t\t<\/div>\n\t\t<\/div>\n\t\t\t\t\t<\/div>\n\t\t<\/section>\n\t\t\t\t\t<\/div>\n\t\t<\/div>\n\t\t\t\t\t<\/div>\n\t\t<\/section>\n\t\t\t\t<section class=\"elementor-section elementor-top-section elementor-element elementor-element-efedb97 elementor-section-boxed elementor-section-height-default elementor-section-height-default\" data-id=\"efedb97\" data-element_type=\"section\" data-e-type=\"section\">\n\t\t\t\t\t\t<div class=\"elementor-container elementor-column-gap-default\">\n\t\t\t\t\t<div class=\"elementor-column elementor-col-100 elementor-top-column elementor-element elementor-element-7355c89\" data-id=\"7355c89\" data-element_type=\"column\" data-e-type=\"column\">\n\t\t\t<div class=\"elementor-widget-wrap elementor-element-populated\">\n\t\t\t\t\t\t<div class=\"elementor-element elementor-element-e5c8857 elementor-widget elementor-widget-text-editor\" data-id=\"e5c8857\" data-element_type=\"widget\" data-e-type=\"widget\" data-widget_type=\"text-editor.default\">\n\t\t\t\t<div class=\"elementor-widget-container\">\n\t\t\t\t\t\t\t\t\t<p style=\"text-align: center;\">O sucesso de uma grande empresa \u00e9 reflexo do trabalho individual de cada membro da equipe. A S\u00e3o Vicente acredita no trabalho realizado por profissionais motivados e comprometidos com a qualidade. Fa\u00e7a parte da nossa equipe!<\/p>\t\t\t\t\t\t\t\t<\/div>\n\t\t\t\t<\/div>\n\t\t\t\t<section class=\"elementor-section elementor-inner-section elementor-element elementor-element-1623a1d elementor-section-full_width elementor-section-height-default elementor-section-height-default\" data-id=\"1623a1d\" data-element_type=\"section\" data-e-type=\"section\">\n\t\t\t\t\t\t<div class=\"elementor-container elementor-column-gap-default\">\n\t\t\t\t\t<div class=\"elementor-column elementor-col-100 elementor-inner-column elementor-element elementor-element-80ea4b3\" data-id=\"80ea4b3\" data-element_type=\"column\" data-e-type=\"column\" data-settings=\"{&quot;background_background&quot;:&quot;classic&quot;}\">\n\t\t\t<div class=\"elementor-widget-wrap elementor-element-populated\">\n\t\t\t\t\t\t<div class=\"elementor-element elementor-element-a6bc524 elementor-widget elementor-widget-image\" data-id=\"a6bc524\" data-element_type=\"widget\" data-e-type=\"widget\" data-widget_type=\"image.default\">\n\t\t\t\t<div class=\"elementor-widget-container\">\n\t\t\t\t\t\t\t\t\t\t\t\t\t\t\t<img fetchpriority=\"high\" decoding=\"async\" width=\"1024\" height=\"197\" src=\"https:\/\/queijosaovicente.com.br\/site-040825\/wp-content\/uploads\/2022\/08\/PCD-site-1-1024x197.png\" class=\"attachment-large size-large wp-image-10042\" alt=\"\" srcset=\"https:\/\/queijosaovicente.com.br\/site-040825\/wp-content\/uploads\/2022\/08\/PCD-site-1-1024x197.png 1024w, https:\/\/queijosaovicente.com.br\/site-040825\/wp-content\/uploads\/2022\/08\/PCD-site-1-300x58.png 300w, https:\/\/queijosaovicente.com.br\/site-040825\/wp-content\/uploads\/2022\/08\/PCD-site-1-768x148.png 768w, https:\/\/queijosaovicente.com.br\/site-040825\/wp-content\/uploads\/2022\/08\/PCD-site-1.png 1350w\" sizes=\"(max-width: 1024px) 100vw, 1024px\" \/>\t\t\t\t\t\t\t\t\t\t\t\t\t\t\t<\/div>\n\t\t\t\t<\/div>\n\t\t\t\t<div class=\"elementor-element elementor-element-0e8e605 elementor-widget elementor-widget-text-editor\" data-id=\"0e8e605\" data-element_type=\"widget\" data-e-type=\"widget\" data-widget_type=\"text-editor.default\">\n\t\t\t\t<div class=\"elementor-widget-container\">\n\t\t\t\t\t\t\t\t\t\n<div class=\"wpcf7 no-js\" id=\"wpcf7-f9022-o1\" lang=\"pt-BR\" dir=\"ltr\" data-wpcf7-id=\"9022\">\n<div class=\"screen-reader-response\"><p role=\"status\" aria-live=\"polite\" aria-atomic=\"true\"><\/p> <ul><\/ul><\/div>\n<form action=\"\/site-040825\/wp-json\/wp\/v2\/pages\/9014#wpcf7-f9022-o1\" method=\"post\" class=\"wpcf7-form init\" aria-label=\"Formul\u00e1rios de contato\" enctype=\"multipart\/form-data\" novalidate=\"novalidate\" data-status=\"init\">\n<fieldset class=\"hidden-fields-container\"><input type=\"hidden\" name=\"_wpcf7\" value=\"9022\" \/><input type=\"hidden\" name=\"_wpcf7_version\" value=\"6.1.5\" \/><input type=\"hidden\" name=\"_wpcf7_locale\" value=\"pt_BR\" \/><input type=\"hidden\" name=\"_wpcf7_unit_tag\" value=\"wpcf7-f9022-o1\" \/><input type=\"hidden\" name=\"_wpcf7_container_post\" value=\"0\" \/><input type=\"hidden\" name=\"_wpcf7_posted_data_hash\" value=\"\" \/>\n<\/fieldset>\n<p><label>Nome*<br \/>\n<input size=\"40\" maxlength=\"400\" class=\"wpcf7-form-control wpcf7-text wpcf7-validates-as-required\" aria-required=\"true\" aria-invalid=\"false\" value=\"\" type=\"text\" name=\"your-name\" \/> <\/label>\n<\/p>\n<p><label>E-mail*<br \/>\n<input size=\"40\" maxlength=\"400\" class=\"wpcf7-form-control wpcf7-email wpcf7-validates-as-required wpcf7-text wpcf7-validates-as-email\" aria-required=\"true\" aria-invalid=\"false\" value=\"\" type=\"email\" name=\"your-email\" \/> <\/label>\n<\/p>\n<p><label>Telefone*<br \/>\n<input size=\"40\" maxlength=\"400\" class=\"wpcf7-form-control wpcf7-tel wpcf7-validates-as-required wpcf7-text wpcf7-validates-as-tel\" aria-required=\"true\" aria-invalid=\"false\" value=\"\" type=\"tel\" name=\"tel-16\" \/> <\/label>\n<\/p>\n<p><label>\u00c1rea de interesse*<br \/>\n<input size=\"40\" maxlength=\"400\" class=\"wpcf7-form-control wpcf7-text wpcf7-validates-as-required\" aria-required=\"true\" aria-invalid=\"false\" value=\"\" type=\"text\" name=\"your-interesse\" \/> <\/label>\n<\/p>\n<p><label>Carta de Apresenta\u00e7\u00e3o*<br \/>\n<small>M\u00e1ximo de 300 caracteres<\/small><br \/>\n<textarea cols=\"40\" rows=\"10\" maxlength=\"2000\" class=\"wpcf7-form-control wpcf7-textarea\" aria-invalid=\"false\" name=\"your-message\"><\/textarea> <\/label>\n<\/p>\n<div class=\"row\">\n\t<div class=\"col-12 col-md-6\">\n\t\t<p><label>Anexar curr\u00edculo* <input size=\"40\" class=\"wpcf7-form-control wpcf7-file wpcf7-validates-as-required file-uplodafk\" accept=\".doc,.pdf,.docx\" aria-required=\"true\" aria-invalid=\"false\" type=\"file\" name=\"file-515\" \/><\/label><br \/>\n<small>\u00c9 poss\u00edvel enviar arquivos (PDF ou DOC Word) com ate 4MB.<\/small>\n\t\t<\/p>\n\t<\/div>\n\t<div class=\"col-12 col-md-6\">\n\t\t<p><input class=\"wpcf7-form-control wpcf7-submit has-spinner\" type=\"submit\" value=\"Enviar\" \/>\n\t\t<\/p>\n\t<\/div>\n<\/div><div class=\"wpcf7-response-output\" aria-hidden=\"true\"><\/div>\n<\/form>\n<\/div>\n\t\t\t\t\t\t\t\t<\/div>\n\t\t\t\t<\/div>\n\t\t\t\t\t<\/div>\n\t\t<\/div>\n\t\t\t\t\t<\/div>\n\t\t<\/section>\n\t\t\t\t\t<\/div>\n\t\t<\/div>\n\t\t\t\t\t<\/div>\n\t\t<\/section>\n\t\t\t\t<\/div>\n\t\t","protected":false},"excerpt":{"rendered":"<p>trabalhe conosco O sucesso de uma grande empresa \u00e9 reflexo do trabalho individual de cada membro da equipe. A S\u00e3o Vicente acredita no trabalho realizado por profissionais motivados e comprometidos com a qualidade. Fa\u00e7a parte da nossa equipe!<\/p>\n","protected":false},"author":3,"featured_media":0,"parent":0,"menu_order":0,"comment_status":"closed","ping_status":"closed","template":"","meta":{"ngg_post_thumbnail":0,"footnotes":""},"class_list":["post-9014","page","type-page","status-publish","hentry"],"_links":{"self":[{"href":"https:\/\/queijosaovicente.com.br\/site-040825\/wp-json\/wp\/v2\/pages\/9014","targetHints":{"allow":["GET"]}}],"collection":[{"href":"https:\/\/queijosaovicente.com.br\/site-040825\/wp-json\/wp\/v2\/pages"}],"about":[{"href":"https:\/\/queijosaovicente.com.br\/site-040825\/wp-json\/wp\/v2\/types\/page"}],"author":[{"embeddable":true,"href":"https:\/\/queijosaovicente.com.br\/site-040825\/wp-json\/wp\/v2\/users\/3"}],"replies":[{"embeddable":true,"href":"https:\/\/queijosaovicente.com.br\/site-040825\/wp-json\/wp\/v2\/comments?post=9014"}],"version-history":[{"count":0,"href":"https:\/\/queijosaovicente.com.br\/site-040825\/wp-json\/wp\/v2\/pages\/9014\/revisions"}],"wp:attachment":[{"href":"https:\/\/queijosaovicente.com.br\/site-040825\/wp-json\/wp\/v2\/media?parent=9014"}],"curies":[{"name":"wp","href":"https:\/\/api.w.org\/{rel}","templated":true}]}}